{"id":919,"date":"2021-12-07T23:40:22","date_gmt":"2021-12-08T04:40:22","guid":{"rendered":"https:\/\/uraniotv.pe\/?page_id=919"},"modified":"2023-06-09T13:32:43","modified_gmt":"2023-06-09T18:32:43","slug":"quienes-somos","status":"publish","type":"page","link":"https:\/\/radiolavozdelcampesino.com\/?page_id=919","title":{"rendered":"QUIENES SOMOS"},"content":{"rendered":"\t\t<div data-elementor-type=\"wp-page\" data-elementor-id=\"919\" class=\"elementor elementor-919\" data-elementor-post-type=\"page\">\n\t\t\t\t\t\t<section class=\"elementor-section elementor-top-section elementor-element elementor-element-4cd3d1a6 elementor-section-boxed elementor-section-height-default elementor-section-height-default\" data-id=\"4cd3d1a6\" data-element_type=\"section\">\n\t\t\t\t\t\t<div class=\"elementor-container elementor-column-gap-default\">\n\t\t\t\t\t<div class=\"elementor-column elementor-col-100 elementor-top-column elementor-element elementor-element-4e5c7304\" data-id=\"4e5c7304\" data-element_type=\"column\" data-settings=\"{&quot;background_background&quot;:&quot;classic&quot;}\">\n\t\t\t<div class=\"elementor-widget-wrap elementor-element-populated\">\n\t\t\t\t\t\t<section class=\"elementor-section elementor-inner-section elementor-element elementor-element-1d9eea7 elementor-section-boxed elementor-section-height-default elementor-section-height-default\" data-id=\"1d9eea7\" data-element_type=\"section\" data-settings=\"{&quot;background_background&quot;:&quot;classic&quot;}\">\n\t\t\t\t\t\t<div class=\"elementor-container elementor-column-gap-default\">\n\t\t\t\t\t<div class=\"elementor-column elementor-col-100 elementor-inner-column elementor-element elementor-element-4221ca25\" data-id=\"4221ca25\" data-element_type=\"column\" data-settings=\"{&quot;background_background&quot;:&quot;classic&quot;}\">\n\t\t\t<div class=\"elementor-widget-wrap elementor-element-populated\">\n\t\t\t\t\t\t<div class=\"elementor-element elementor-element-072a1e7 elementor-widget elementor-widget-image\" data-id=\"072a1e7\" data-element_type=\"widget\" data-widget_type=\"image.default\">\n\t\t\t\t<div class=\"elementor-widget-container\">\n\t\t\t\t\t\t\t\t\t\t\t\t\t\t\t<img fetchpriority=\"high\" decoding=\"async\" width=\"800\" height=\"450\" src=\"https:\/\/radiolavozdelcampesino.com\/wp-content\/uploads\/2021\/11\/3D-2_0360-1024x576.png\" class=\"attachment-large size-large wp-image-1790\" alt=\"\" srcset=\"https:\/\/radiolavozdelcampesino.com\/wp-content\/uploads\/2021\/11\/3D-2_0360-1024x576.png 1024w, https:\/\/radiolavozdelcampesino.com\/wp-content\/uploads\/2021\/11\/3D-2_0360-300x169.png 300w, https:\/\/radiolavozdelcampesino.com\/wp-content\/uploads\/2021\/11\/3D-2_0360-768x432.png 768w, https:\/\/radiolavozdelcampesino.com\/wp-content\/uploads\/2021\/11\/3D-2_0360-1536x864.png 1536w, https:\/\/radiolavozdelcampesino.com\/wp-content\/uploads\/2021\/11\/3D-2_0360.png 1920w\" sizes=\"(max-width: 800px) 100vw, 800px\" \/>\t\t\t\t\t\t\t\t\t\t\t\t\t\t\t<\/div>\n\t\t\t\t<\/div>\n\t\t\t\t<div class=\"elementor-element elementor-element-462a1f8 elementor-widget elementor-widget-text-editor\" data-id=\"462a1f8\" data-element_type=\"widget\" data-widget_type=\"text-editor.default\">\n\t\t\t\t<div class=\"elementor-widget-container\">\n\t\t\t\t\t\t\t\t\t<p><strong>\u00bfQui\u00e9nes Somos?<\/strong><\/p><p>Somos un medio de comunicaci\u00f3n independiente, cuyo objetivo primordial es fortalecer la democracia actual fundament\u00e1ndonos en la \u201cLEY DE LIBRE EMISI\u00d3N DEL PENSAMIENTO\u201d.<\/p><p>Creemos en la expansi\u00f3n de la comunicaci\u00f3n utilizando los diferentes medios de difusi\u00f3n como lo son: Prensa, Radio, Televisi\u00f3n, Sitios Web, Redes Sociales y Espacios De Opini\u00f3n; con esto pretendemos llevar hacia todos los rincones Del Mundo, del departamento y del pa\u00eds las distintas corrientes del pensamiento humano y ejercer nuestro lema al ser \u201cLA VOZ DEL PUEBLO\u201d<\/p><p><strong>MISI\u00d3N:<\/strong><\/p><p>Fortalecer el desarrollo social y cultural a trav\u00e9s de nuestras herramientas comunicativas y plataformas, estableci\u00e9ndonos con una relaci\u00f3n comunicativa en el medio noticioso local, regional, nacional e internacional.<\/p><p><strong>VISI\u00d3N:<\/strong><\/p><p>Ser una de las principales referencias informativas, de entretenimiento y comunicacional del medio Radio-televisivo local, utilizando una gran capacidad t\u00e9cnica y de recursos humanos para mantener informada y presente a la comunidad.<\/p><p><strong>VALORES:<\/strong><\/p><p>Para el cumplimiento efectivo de nuestra misi\u00f3n, en RTV APU, nuestras bases ser\u00e1n: La Igualdad, La Hegemon\u00eda, El Sincretismo, La Verdad, El Pluralismo y el Respeto al Derecho Ajeno cuya acci\u00f3n se traduce a la paz.<\/p><p>Debido a que los valores sociales y personales son la estructura de la eficacia de una empresa informativa y el desarrollo de las culturas sociales, nuestro fin ser\u00e1 fehaciente y posicionado dentro de nuestra filosof\u00eda y la aceptaci\u00f3n de nuestros televidentes, lectores radioescuchas.<\/p><p>\u00a0<\/p>\t\t\t\t\t\t\t\t<\/div>\n\t\t\t\t<\/div>\n\t\t\t\t\t<\/div>\n\t\t<\/div>\n\t\t\t\t\t<\/div>\n\t\t<\/section>\n\t\t\t\t\t<\/div>\n\t\t<\/div>\n\t\t\t\t\t<\/div>\n\t\t<\/section>\n\t\t\t\t<\/div>\n\t\t","protected":false},"excerpt":{"rendered":"<p>\u00bfQui\u00e9nes Somos? Somos un medio de comunicaci\u00f3n independiente, cuyo objetivo primordial es fortalecer la democracia actual fundament\u00e1ndonos en la \u201cLEY DE LIBRE EMISI\u00d3N DEL PENSAMIENTO\u201d. Creemos en la expansi\u00f3n de la comunicaci\u00f3n utilizando los diferentes medios de difusi\u00f3n como lo son: Prensa, Radio, Televisi\u00f3n, Sitios Web, Redes Sociales y Espacios De Opini\u00f3n; con esto pretendemos [&hellip;]<\/p>\n","protected":false},"author":2,"featured_media":0,"parent":0,"menu_order":0,"comment_status":"closed","ping_status":"closed","template":"","meta":{"footnotes":""},"class_list":["post-919","page","type-page","status-publish","hentry"],"yoast_head":"<!-- This site is optimized with the Yoast SEO plugin v24.8.1 - https:\/\/yoast.com\/wordpress\/plugins\/seo\/ -->\n<title>QUIENES SOMOS - Radio La Voz del Campesino<\/title>\n<meta name=\"robots\" content=\"index, follow, max-snippet:-1, max-image-preview:large, max-video-preview:-1\" \/>\n<link rel=\"canonical\" href=\"https:\/\/radiolavozdelcampesino.com\/?page_id=919\" \/>\n<meta property=\"og:locale\" content=\"es_ES\" \/>\n<meta property=\"og:type\" content=\"article\" \/>\n<meta property=\"og:title\" content=\"QUIENES SOMOS - Radio La Voz del Campesino\" \/>\n<meta property=\"og:description\" content=\"\u00bfQui\u00e9nes Somos? Somos un medio de comunicaci\u00f3n independiente, cuyo objetivo primordial es fortalecer la democracia actual fundament\u00e1ndonos en la \u201cLEY DE LIBRE EMISI\u00d3N DEL PENSAMIENTO\u201d. Creemos en la expansi\u00f3n de la comunicaci\u00f3n utilizando los diferentes medios de difusi\u00f3n como lo son: Prensa, Radio, Televisi\u00f3n, Sitios Web, Redes Sociales y Espacios De Opini\u00f3n; con esto pretendemos [&hellip;]\" \/>\n<meta property=\"og:url\" content=\"https:\/\/radiolavozdelcampesino.com\/?page_id=919\" \/>\n<meta property=\"og:site_name\" content=\"Radio La Voz del Campesino\" \/>\n<meta property=\"article:publisher\" content=\"https:\/\/www.facebook.com\/radiolavozdelcampesinohuancabamba\/\" \/>\n<meta property=\"article:modified_time\" content=\"2023-06-09T18:32:43+00:00\" \/>\n<meta property=\"og:image\" content=\"https:\/\/radiotvapu.com\/wp-content\/uploads\/2021\/11\/3D-2_0360-1024x576.png\" \/>\n<meta name=\"twitter:card\" content=\"summary_large_image\" \/>\n<meta name=\"twitter:label1\" content=\"Tiempo de lectura\" \/>\n\t<meta name=\"twitter:data1\" content=\"2 minutos\" \/>\n<script type=\"application\/ld+json\" class=\"yoast-schema-graph\">{\"@context\":\"https:\/\/schema.org\",\"@graph\":[{\"@type\":\"WebPage\",\"@id\":\"https:\/\/radiolavozdelcampesino.com\/?page_id=919\",\"url\":\"https:\/\/radiolavozdelcampesino.com\/?page_id=919\",\"name\":\"QUIENES SOMOS - Radio La Voz del Campesino\",\"isPartOf\":{\"@id\":\"https:\/\/radiolavozdelcampesino.com\/#website\"},\"primaryImageOfPage\":{\"@id\":\"https:\/\/radiolavozdelcampesino.com\/?page_id=919#primaryimage\"},\"image\":{\"@id\":\"https:\/\/radiolavozdelcampesino.com\/?page_id=919#primaryimage\"},\"thumbnailUrl\":\"https:\/\/radiotvapu.com\/wp-content\/uploads\/2021\/11\/3D-2_0360-1024x576.png\",\"datePublished\":\"2021-12-08T04:40:22+00:00\",\"dateModified\":\"2023-06-09T18:32:43+00:00\",\"breadcrumb\":{\"@id\":\"https:\/\/radiolavozdelcampesino.com\/?page_id=919#breadcrumb\"},\"inLanguage\":\"es\",\"potentialAction\":[{\"@type\":\"ReadAction\",\"target\":[\"https:\/\/radiolavozdelcampesino.com\/?page_id=919\"]}]},{\"@type\":\"ImageObject\",\"inLanguage\":\"es\",\"@id\":\"https:\/\/radiolavozdelcampesino.com\/?page_id=919#primaryimage\",\"url\":\"https:\/\/radiotvapu.com\/wp-content\/uploads\/2021\/11\/3D-2_0360-1024x576.png\",\"contentUrl\":\"https:\/\/radiotvapu.com\/wp-content\/uploads\/2021\/11\/3D-2_0360-1024x576.png\"},{\"@type\":\"BreadcrumbList\",\"@id\":\"https:\/\/radiolavozdelcampesino.com\/?page_id=919#breadcrumb\",\"itemListElement\":[{\"@type\":\"ListItem\",\"position\":1,\"name\":\"Portada\",\"item\":\"https:\/\/radiolavozdelcampesino.com\/\"},{\"@type\":\"ListItem\",\"position\":2,\"name\":\"QUIENES SOMOS\"}]},{\"@type\":\"WebSite\",\"@id\":\"https:\/\/radiolavozdelcampesino.com\/#website\",\"url\":\"https:\/\/radiolavozdelcampesino.com\/\",\"name\":\"Radio La Voz del Campesino\",\"description\":\"Transmite desde Huancabamba - Piura - Peru\",\"publisher\":{\"@id\":\"https:\/\/radiolavozdelcampesino.com\/#organization\"},\"alternateName\":\"Radio La Voz del Campesino\",\"potentialAction\":[{\"@type\":\"SearchAction\",\"target\":{\"@type\":\"EntryPoint\",\"urlTemplate\":\"https:\/\/radiolavozdelcampesino.com\/?s={search_term_string}\"},\"query-input\":{\"@type\":\"PropertyValueSpecification\",\"valueRequired\":true,\"valueName\":\"search_term_string\"}}],\"inLanguage\":\"es\"},{\"@type\":\"Organization\",\"@id\":\"https:\/\/radiolavozdelcampesino.com\/#organization\",\"name\":\"Radio La Voz del Campesino\",\"alternateName\":\"Radio La Voz del Campesino\",\"url\":\"https:\/\/radiolavozdelcampesino.com\/\",\"logo\":{\"@type\":\"ImageObject\",\"inLanguage\":\"es\",\"@id\":\"https:\/\/radiolavozdelcampesino.com\/#\/schema\/logo\/image\/\",\"url\":\"https:\/\/radiolavozdelcampesino.com\/wp-content\/uploads\/2021\/11\/logotipo-la-voz-del-campesino.png\",\"contentUrl\":\"https:\/\/radiolavozdelcampesino.com\/wp-content\/uploads\/2021\/11\/logotipo-la-voz-del-campesino.png\",\"width\":2284,\"height\":1212,\"caption\":\"Radio La Voz del Campesino\"},\"image\":{\"@id\":\"https:\/\/radiolavozdelcampesino.com\/#\/schema\/logo\/image\/\"},\"sameAs\":[\"https:\/\/www.facebook.com\/radiolavozdelcampesinohuancabamba\/\"]}]}<\/script>\n<!-- \/ Yoast SEO plugin. -->","yoast_head_json":{"title":"QUIENES SOMOS - Radio La Voz del Campesino","robots":{"index":"index","follow":"follow","max-snippet":"max-snippet:-1","max-image-preview":"max-image-preview:large","max-video-preview":"max-video-preview:-1"},"canonical":"https:\/\/radiolavozdelcampesino.com\/?page_id=919","og_locale":"es_ES","og_type":"article","og_title":"QUIENES SOMOS - Radio La Voz del Campesino","og_description":"\u00bfQui\u00e9nes Somos? Somos un medio de comunicaci\u00f3n independiente, cuyo objetivo primordial es fortalecer la democracia actual fundament\u00e1ndonos en la \u201cLEY DE LIBRE EMISI\u00d3N DEL PENSAMIENTO\u201d. Creemos en la expansi\u00f3n de la comunicaci\u00f3n utilizando los diferentes medios de difusi\u00f3n como lo son: Prensa, Radio, Televisi\u00f3n, Sitios Web, Redes Sociales y Espacios De Opini\u00f3n; con esto pretendemos [&hellip;]","og_url":"https:\/\/radiolavozdelcampesino.com\/?page_id=919","og_site_name":"Radio La Voz del Campesino","article_publisher":"https:\/\/www.facebook.com\/radiolavozdelcampesinohuancabamba\/","article_modified_time":"2023-06-09T18:32:43+00:00","og_image":[{"url":"https:\/\/radiotvapu.com\/wp-content\/uploads\/2021\/11\/3D-2_0360-1024x576.png","type":"","width":"","height":""}],"twitter_card":"summary_large_image","twitter_misc":{"Tiempo de lectura":"2 minutos"},"schema":{"@context":"https:\/\/schema.org","@graph":[{"@type":"WebPage","@id":"https:\/\/radiolavozdelcampesino.com\/?page_id=919","url":"https:\/\/radiolavozdelcampesino.com\/?page_id=919","name":"QUIENES SOMOS - Radio La Voz del Campesino","isPartOf":{"@id":"https:\/\/radiolavozdelcampesino.com\/#website"},"primaryImageOfPage":{"@id":"https:\/\/radiolavozdelcampesino.com\/?page_id=919#primaryimage"},"image":{"@id":"https:\/\/radiolavozdelcampesino.com\/?page_id=919#primaryimage"},"thumbnailUrl":"https:\/\/radiotvapu.com\/wp-content\/uploads\/2021\/11\/3D-2_0360-1024x576.png","datePublished":"2021-12-08T04:40:22+00:00","dateModified":"2023-06-09T18:32:43+00:00","breadcrumb":{"@id":"https:\/\/radiolavozdelcampesino.com\/?page_id=919#breadcrumb"},"inLanguage":"es","potentialAction":[{"@type":"ReadAction","target":["https:\/\/radiolavozdelcampesino.com\/?page_id=919"]}]},{"@type":"ImageObject","inLanguage":"es","@id":"https:\/\/radiolavozdelcampesino.com\/?page_id=919#primaryimage","url":"https:\/\/radiotvapu.com\/wp-content\/uploads\/2021\/11\/3D-2_0360-1024x576.png","contentUrl":"https:\/\/radiotvapu.com\/wp-content\/uploads\/2021\/11\/3D-2_0360-1024x576.png"},{"@type":"BreadcrumbList","@id":"https:\/\/radiolavozdelcampesino.com\/?page_id=919#breadcrumb","itemListElement":[{"@type":"ListItem","position":1,"name":"Portada","item":"https:\/\/radiolavozdelcampesino.com\/"},{"@type":"ListItem","position":2,"name":"QUIENES SOMOS"}]},{"@type":"WebSite","@id":"https:\/\/radiolavozdelcampesino.com\/#website","url":"https:\/\/radiolavozdelcampesino.com\/","name":"Radio La Voz del Campesino","description":"Transmite desde Huancabamba - Piura - Peru","publisher":{"@id":"https:\/\/radiolavozdelcampesino.com\/#organization"},"alternateName":"Radio La Voz del Campesino","potentialAction":[{"@type":"SearchAction","target":{"@type":"EntryPoint","urlTemplate":"https:\/\/radiolavozdelcampesino.com\/?s={search_term_string}"},"query-input":{"@type":"PropertyValueSpecification","valueRequired":true,"valueName":"search_term_string"}}],"inLanguage":"es"},{"@type":"Organization","@id":"https:\/\/radiolavozdelcampesino.com\/#organization","name":"Radio La Voz del Campesino","alternateName":"Radio La Voz del Campesino","url":"https:\/\/radiolavozdelcampesino.com\/","logo":{"@type":"ImageObject","inLanguage":"es","@id":"https:\/\/radiolavozdelcampesino.com\/#\/schema\/logo\/image\/","url":"https:\/\/radiolavozdelcampesino.com\/wp-content\/uploads\/2021\/11\/logotipo-la-voz-del-campesino.png","contentUrl":"https:\/\/radiolavozdelcampesino.com\/wp-content\/uploads\/2021\/11\/logotipo-la-voz-del-campesino.png","width":2284,"height":1212,"caption":"Radio La Voz del Campesino"},"image":{"@id":"https:\/\/radiolavozdelcampesino.com\/#\/schema\/logo\/image\/"},"sameAs":["https:\/\/www.facebook.com\/radiolavozdelcampesinohuancabamba\/"]}]}},"_links":{"self":[{"href":"https:\/\/radiolavozdelcampesino.com\/index.php?rest_route=\/wp\/v2\/pages\/919","targetHints":{"allow":["GET"]}}],"collection":[{"href":"https:\/\/radiolavozdelcampesino.com\/index.php?rest_route=\/wp\/v2\/pages"}],"about":[{"href":"https:\/\/radiolavozdelcampesino.com\/index.php?rest_route=\/wp\/v2\/types\/page"}],"author":[{"embeddable":true,"href":"https:\/\/radiolavozdelcampesino.com\/index.php?rest_route=\/wp\/v2\/users\/2"}],"replies":[{"embeddable":true,"href":"https:\/\/radiolavozdelcampesino.com\/index.php?rest_route=%2Fwp%2Fv2%2Fcomments&post=919"}],"version-history":[{"count":40,"href":"https:\/\/radiolavozdelcampesino.com\/index.php?rest_route=\/wp\/v2\/pages\/919\/revisions"}],"predecessor-version":[{"id":2214,"href":"https:\/\/radiolavozdelcampesino.com\/index.php?rest_route=\/wp\/v2\/pages\/919\/revisions\/2214"}],"wp:attachment":[{"href":"https:\/\/radiolavozdelcampesino.com\/index.php?rest_route=%2Fwp%2Fv2%2Fmedia&parent=919"}],"curies":[{"name":"wp","href":"https:\/\/api.w.org\/{rel}","templated":true}]}}