{"id":35,"date":"2021-11-12T20:58:22","date_gmt":"2021-11-12T20:58:22","guid":{"rendered":"https:\/\/uraniotv.pe\/?page_id=35"},"modified":"2023-07-07T14:41:22","modified_gmt":"2023-07-07T19:41:22","slug":"contacto","status":"publish","type":"page","link":"https:\/\/radiolavozdelcampesino.com\/?page_id=35","title":{"rendered":"CONTACTO"},"content":{"rendered":"\t\t<div data-elementor-type=\"wp-page\" data-elementor-id=\"35\" class=\"elementor elementor-35\" data-elementor-post-type=\"page\">\n\t\t\t\t\t\t<section class=\"elementor-section elementor-top-section elementor-element elementor-element-12e9457f elementor-section-boxed elementor-section-height-default elementor-section-height-default\" data-id=\"12e9457f\" data-element_type=\"section\">\n\t\t\t\t\t\t<div class=\"elementor-container elementor-column-gap-default\">\n\t\t\t\t\t<div class=\"elementor-column elementor-col-100 elementor-top-column elementor-element elementor-element-12661c0a\" data-id=\"12661c0a\" data-element_type=\"column\" data-settings=\"{&quot;background_background&quot;:&quot;classic&quot;}\">\n\t\t\t<div class=\"elementor-widget-wrap elementor-element-populated\">\n\t\t\t\t\t\t<section class=\"elementor-section elementor-inner-section elementor-element elementor-element-d10b8b8 elementor-section-boxed elementor-section-height-default elementor-section-height-default\" data-id=\"d10b8b8\" data-element_type=\"section\" data-settings=\"{&quot;background_background&quot;:&quot;classic&quot;}\">\n\t\t\t\t\t\t<div class=\"elementor-container elementor-column-gap-default\">\n\t\t\t\t\t<div class=\"elementor-column elementor-col-100 elementor-inner-column elementor-element elementor-element-efafa18\" data-id=\"efafa18\" data-element_type=\"column\">\n\t\t\t<div class=\"elementor-widget-wrap elementor-element-populated\">\n\t\t\t\t\t\t<div class=\"elementor-element elementor-element-5688ca74 elementor-widget elementor-widget-heading\" data-id=\"5688ca74\" data-element_type=\"widget\" data-widget_type=\"heading.default\">\n\t\t\t\t<div class=\"elementor-widget-container\">\n\t\t\t\t\t<h2 class=\"elementor-heading-title elementor-size-default\">Contacto<\/h2>\t\t\t\t<\/div>\n\t\t\t\t<\/div>\n\t\t\t\t<div class=\"elementor-element elementor-element-1303838d elementor-widget elementor-widget-text-editor\" data-id=\"1303838d\" data-element_type=\"widget\" data-widget_type=\"text-editor.default\">\n\t\t\t\t<div class=\"elementor-widget-container\">\n\t\t\t\t\t\t\t\t\t<p>Puede contactarnos a trav\u00e9s de nuestros distintos canales de comunicaci\u00f3n.<\/p>\t\t\t\t\t\t\t\t<\/div>\n\t\t\t\t<\/div>\n\t\t\t\t\t<\/div>\n\t\t<\/div>\n\t\t\t\t\t<\/div>\n\t\t<\/section>\n\t\t\t\t<section class=\"elementor-section elementor-inner-section elementor-element elementor-element-645f3a98 elementor-section-boxed elementor-section-height-default elementor-section-height-default\" data-id=\"645f3a98\" data-element_type=\"section\" data-settings=\"{&quot;background_background&quot;:&quot;classic&quot;}\">\n\t\t\t\t\t\t<div class=\"elementor-container elementor-column-gap-default\">\n\t\t\t\t\t<div class=\"elementor-column elementor-col-50 elementor-inner-column elementor-element elementor-element-1a9b2daa\" data-id=\"1a9b2daa\" data-element_type=\"column\">\n\t\t\t<div class=\"elementor-widget-wrap elementor-element-populated\">\n\t\t\t\t\t\t<div class=\"elementor-element elementor-element-2416af2c elementor-widget elementor-widget-heading\" data-id=\"2416af2c\" data-element_type=\"widget\" data-widget_type=\"heading.default\">\n\t\t\t\t<div class=\"elementor-widget-container\">\n\t\t\t\t\t<h2 class=\"elementor-heading-title elementor-size-default\"><i class=\"fa fa-info\"><\/i> INFORMACI\u00d3N<\/h2>\t\t\t\t<\/div>\n\t\t\t\t<\/div>\n\t\t\t\t<div class=\"elementor-element elementor-element-3c3a8b1 elementor-icon-list--layout-traditional elementor-list-item-link-full_width elementor-widget elementor-widget-global elementor-global-545 elementor-widget-icon-list\" data-id=\"3c3a8b1\" data-element_type=\"widget\" data-widget_type=\"icon-list.default\">\n\t\t\t\t<div class=\"elementor-widget-container\">\n\t\t\t\t\t\t\t<ul class=\"elementor-icon-list-items\">\n\t\t\t\t\t\t\t<li class=\"elementor-icon-list-item\">\n\t\t\t\t\t\t\t\t\t\t\t<span class=\"elementor-icon-list-icon\">\n\t\t\t\t\t\t\t<i aria-hidden=\"true\" class=\"fas fa-map-marker-alt\"><\/i>\t\t\t\t\t\t<\/span>\n\t\t\t\t\t\t\t\t\t\t<span class=\"elementor-icon-list-text\">Huancabamba - Piura - Peru<\/span>\n\t\t\t\t\t\t\t\t\t<\/li>\n\t\t\t\t\t\t\t\t<li class=\"elementor-icon-list-item\">\n\t\t\t\t\t\t\t\t\t\t\t<span class=\"elementor-icon-list-icon\">\n\t\t\t\t\t\t\t<i aria-hidden=\"true\" class=\"fas fa-phone-alt\"><\/i>\t\t\t\t\t\t<\/span>\n\t\t\t\t\t\t\t\t\t\t<span class=\"elementor-icon-list-text\">938281730<\/span>\n\t\t\t\t\t\t\t\t\t<\/li>\n\t\t\t\t\t\t\t\t<li class=\"elementor-icon-list-item\">\n\t\t\t\t\t\t\t\t\t\t\t<span class=\"elementor-icon-list-icon\">\n\t\t\t\t\t\t\t<i aria-hidden=\"true\" class=\"far fa-envelope\"><\/i>\t\t\t\t\t\t<\/span>\n\t\t\t\t\t\t\t\t\t\t<span class=\"elementor-icon-list-text\">ventas@radiolavozdelcampesino.com<\/span>\n\t\t\t\t\t\t\t\t\t<\/li>\n\t\t\t\t\t\t\t\t<li class=\"elementor-icon-list-item\">\n\t\t\t\t\t\t\t\t\t\t\t<span class=\"elementor-icon-list-icon\">\n\t\t\t\t\t\t\t<i aria-hidden=\"true\" class=\"fas fa-globe\"><\/i>\t\t\t\t\t\t<\/span>\n\t\t\t\t\t\t\t\t\t\t<span class=\"elementor-icon-list-text\">https:\/\/radiolavozdelcampesino.com<\/span>\n\t\t\t\t\t\t\t\t\t<\/li>\n\t\t\t\t\t\t<\/ul>\n\t\t\t\t\t\t<\/div>\n\t\t\t\t<\/div>\n\t\t\t\t<div class=\"elementor-element elementor-element-18909bdf elementor-widget elementor-widget-heading\" data-id=\"18909bdf\" data-element_type=\"widget\" data-widget_type=\"heading.default\">\n\t\t\t\t<div class=\"elementor-widget-container\">\n\t\t\t\t\t<h2 class=\"elementor-heading-title elementor-size-default\"><i class=\"fa fa-users\"><\/i> FORMULARIO<\/h2>\t\t\t\t<\/div>\n\t\t\t\t<\/div>\n\t\t\t\t<div class=\"elementor-element elementor-element-6e126c74 elementor-button-align-stretch elementor-widget elementor-widget-form\" data-id=\"6e126c74\" data-element_type=\"widget\" data-settings=\"{&quot;step_next_label&quot;:&quot;Next&quot;,&quot;step_previous_label&quot;:&quot;Previous&quot;,&quot;button_width&quot;:&quot;100&quot;,&quot;step_type&quot;:&quot;number_text&quot;,&quot;step_icon_shape&quot;:&quot;circle&quot;}\" data-widget_type=\"form.default\">\n\t\t\t\t<div class=\"elementor-widget-container\">\n\t\t\t\t\t\t\t<form class=\"elementor-form\" method=\"post\" name=\"CONTACTO\">\n\t\t\t<input type=\"hidden\" name=\"post_id\" value=\"35\"\/>\n\t\t\t<input type=\"hidden\" name=\"form_id\" value=\"6e126c74\"\/>\n\t\t\t<input type=\"hidden\" name=\"referer_title\" value=\"Radio La Voz del Campesino\" \/>\n\n\t\t\t\n\t\t\t<div class=\"elementor-form-fields-wrapper elementor-labels-above\">\n\t\t\t\t\t\t\t\t<div class=\"elementor-field-type-text elementor-field-group elementor-column elementor-field-group-name elementor-col-100 elementor-field-required elementor-mark-required\">\n\t\t\t\t\t\t\t\t\t\t\t\t\t<input size=\"1\" type=\"text\" name=\"form_fields[name]\" id=\"form-field-name\" class=\"elementor-field elementor-size-xs  elementor-field-textual\" placeholder=\"NOMBRE\" required=\"required\" aria-required=\"true\">\n\t\t\t\t\t\t\t\t\t\t\t<\/div>\n\t\t\t\t\t\t\t\t<div class=\"elementor-field-type-textarea elementor-field-group elementor-column elementor-field-group-message elementor-col-100 elementor-field-required elementor-mark-required\">\n\t\t\t\t\t<textarea class=\"elementor-field-textual elementor-field  elementor-size-xs\" name=\"form_fields[message]\" id=\"form-field-message\" rows=\"4\" placeholder=\"MENSAJE\" required=\"required\" aria-required=\"true\"><\/textarea>\t\t\t\t<\/div>\n\t\t\t\t\t\t\t\t<div class=\"elementor-field-group elementor-column elementor-field-type-submit elementor-col-100 e-form__buttons\">\n\t\t\t\t\t<button class=\"elementor-button elementor-size-sm\" type=\"submit\">\n\t\t\t\t\t\t<span class=\"elementor-button-content-wrapper\">\n\t\t\t\t\t\t\t\t\t\t\t\t\t\t\t<span class=\"elementor-button-icon\">\n\t\t\t\t\t\t\t\t\t<i aria-hidden=\"true\" class=\"far fa-comments\"><\/i>\t\t\t\t\t\t\t\t\t\t\t\t\t\t\t\t\t<\/span>\n\t\t\t\t\t\t\t\t\t\t\t\t\t\t\t\t\t\t\t\t\t\t<span class=\"elementor-button-text\">ENVIAR<\/span>\n\t\t\t\t\t\t\t\t\t\t\t\t\t<\/span>\n\t\t\t\t\t<\/button>\n\t\t\t\t<\/div>\n\t\t\t<\/div>\n\t\t<\/form>\n\t\t\t\t\t\t<\/div>\n\t\t\t\t<\/div>\n\t\t\t\t\t<\/div>\n\t\t<\/div>\n\t\t\t\t<div class=\"elementor-column elementor-col-50 elementor-inner-column elementor-element elementor-element-5c93e9ff\" data-id=\"5c93e9ff\" data-element_type=\"column\">\n\t\t\t<div class=\"elementor-widget-wrap elementor-element-populated\">\n\t\t\t\t\t\t<div class=\"elementor-element elementor-element-132bacb1 elementor-widget elementor-widget-heading\" data-id=\"132bacb1\" data-element_type=\"widget\" data-widget_type=\"heading.default\">\n\t\t\t\t<div class=\"elementor-widget-container\">\n\t\t\t\t\t<h2 class=\"elementor-heading-title elementor-size-default\"><i class=\"fa fa-map\"><\/i> MAPA DE UBICACI\u00d3N<\/h2>\t\t\t\t<\/div>\n\t\t\t\t<\/div>\n\t\t\t\t<div class=\"elementor-element elementor-element-139af96c elementor-widget elementor-widget-html\" data-id=\"139af96c\" data-element_type=\"widget\" data-widget_type=\"html.default\">\n\t\t\t\t<div class=\"elementor-widget-container\">\n\t\t\t\t\t<iframe src=\"https:\/\/www.google.com\/maps\/embed?pb=!1m18!1m12!1m3!1d15892.595449181166!2d-79.45767402311898!3d-5.239298389177539!2m3!1f0!2f0!3f0!3m2!1i1024!2i768!4f13.1!3m3!1m2!1s0x904ab46cdd3b708d%3A0xe562833b8db7bd25!2sHuancabamba!5e0!3m2!1ses-419!2spe!4v1688758875728!5m2!1ses-419!2spe\" width=\"600\" height=\"450\" style=\"border:0;\" allowfullscreen=\"\" loading=\"lazy\" referrerpolicy=\"no-referrer-when-downgrade\"><\/iframe>\t\t\t\t<\/div>\n\t\t\t\t<\/div>\n\t\t\t\t\t<\/div>\n\t\t<\/div>\n\t\t\t\t\t<\/div>\n\t\t<\/section>\n\t\t\t\t\t<\/div>\n\t\t<\/div>\n\t\t\t\t\t<\/div>\n\t\t<\/section>\n\t\t\t\t<\/div>\n\t\t","protected":false},"excerpt":{"rendered":"<p>Contacto Puede contactarnos a trav\u00e9s de nuestros distintos canales de comunicaci\u00f3n. INFORMACI\u00d3N Huancabamba &#8211; Piura &#8211; Peru 938281730 ventas@radiolavozdelcampesino.com PORTADA FORMULARIO MAPA DE UBICACI\u00d3N<\/p>\n","protected":false},"author":4,"featured_media":0,"parent":0,"menu_order":0,"comment_status":"closed","ping_status":"closed","template":"","meta":{"footnotes":""},"class_list":["post-35","page","type-page","status-publish","hentry"],"yoast_head":"<!-- This site is optimized with the Yoast SEO plugin v24.8.1 - https:\/\/yoast.com\/wordpress\/plugins\/seo\/ -->\n<title>CONTACTO - Radio La Voz del Campesino<\/title>\n<meta name=\"robots\" content=\"index, follow, max-snippet:-1, max-image-preview:large, max-video-preview:-1\" \/>\n<link rel=\"canonical\" href=\"https:\/\/radiolavozdelcampesino.com\/?page_id=35\" \/>\n<meta property=\"og:locale\" content=\"es_ES\" \/>\n<meta property=\"og:type\" content=\"article\" \/>\n<meta property=\"og:title\" content=\"CONTACTO - Radio La Voz del Campesino\" \/>\n<meta property=\"og:description\" content=\"Contacto Puede contactarnos a trav\u00e9s de nuestros distintos canales de comunicaci\u00f3n. INFORMACI\u00d3N Huancabamba &#8211; Piura &#8211; Peru 938281730 ventas@radiolavozdelcampesino.com PORTADA FORMULARIO MAPA DE UBICACI\u00d3N\" \/>\n<meta property=\"og:url\" content=\"https:\/\/radiolavozdelcampesino.com\/?page_id=35\" \/>\n<meta property=\"og:site_name\" content=\"Radio La Voz del Campesino\" \/>\n<meta property=\"article:publisher\" content=\"https:\/\/www.facebook.com\/radiolavozdelcampesinohuancabamba\/\" \/>\n<meta property=\"article:modified_time\" content=\"2023-07-07T19:41:22+00:00\" \/>\n<meta property=\"og:image\" content=\"https:\/\/radiolavozdelcampesino.com\/wp-content\/uploads\/2021\/11\/logotipo-la-voz-del-campesino.png\" \/>\n\t<meta property=\"og:image:width\" content=\"2284\" \/>\n\t<meta property=\"og:image:height\" content=\"1212\" \/>\n\t<meta property=\"og:image:type\" content=\"image\/png\" \/>\n<meta name=\"twitter:card\" content=\"summary_large_image\" \/>\n<meta name=\"twitter:label1\" content=\"Tiempo de lectura\" \/>\n\t<meta name=\"twitter:data1\" content=\"1 minuto\" \/>\n<script type=\"application\/ld+json\" class=\"yoast-schema-graph\">{\"@context\":\"https:\/\/schema.org\",\"@graph\":[{\"@type\":\"WebPage\",\"@id\":\"https:\/\/radiolavozdelcampesino.com\/?page_id=35\",\"url\":\"https:\/\/radiolavozdelcampesino.com\/?page_id=35\",\"name\":\"CONTACTO - Radio La Voz del Campesino\",\"isPartOf\":{\"@id\":\"https:\/\/radiolavozdelcampesino.com\/#website\"},\"datePublished\":\"2021-11-12T20:58:22+00:00\",\"dateModified\":\"2023-07-07T19:41:22+00:00\",\"breadcrumb\":{\"@id\":\"https:\/\/radiolavozdelcampesino.com\/?page_id=35#breadcrumb\"},\"inLanguage\":\"es\",\"potentialAction\":[{\"@type\":\"ReadAction\",\"target\":[\"https:\/\/radiolavozdelcampesino.com\/?page_id=35\"]}]},{\"@type\":\"BreadcrumbList\",\"@id\":\"https:\/\/radiolavozdelcampesino.com\/?page_id=35#breadcrumb\",\"itemListElement\":[{\"@type\":\"ListItem\",\"position\":1,\"name\":\"Portada\",\"item\":\"https:\/\/radiolavozdelcampesino.com\/\"},{\"@type\":\"ListItem\",\"position\":2,\"name\":\"CONTACTO\"}]},{\"@type\":\"WebSite\",\"@id\":\"https:\/\/radiolavozdelcampesino.com\/#website\",\"url\":\"https:\/\/radiolavozdelcampesino.com\/\",\"name\":\"Radio La Voz del Campesino\",\"description\":\"Transmite desde Huancabamba - Piura - Peru\",\"publisher\":{\"@id\":\"https:\/\/radiolavozdelcampesino.com\/#organization\"},\"alternateName\":\"Radio La Voz del Campesino\",\"potentialAction\":[{\"@type\":\"SearchAction\",\"target\":{\"@type\":\"EntryPoint\",\"urlTemplate\":\"https:\/\/radiolavozdelcampesino.com\/?s={search_term_string}\"},\"query-input\":{\"@type\":\"PropertyValueSpecification\",\"valueRequired\":true,\"valueName\":\"search_term_string\"}}],\"inLanguage\":\"es\"},{\"@type\":\"Organization\",\"@id\":\"https:\/\/radiolavozdelcampesino.com\/#organization\",\"name\":\"Radio La Voz del Campesino\",\"alternateName\":\"Radio La Voz del Campesino\",\"url\":\"https:\/\/radiolavozdelcampesino.com\/\",\"logo\":{\"@type\":\"ImageObject\",\"inLanguage\":\"es\",\"@id\":\"https:\/\/radiolavozdelcampesino.com\/#\/schema\/logo\/image\/\",\"url\":\"https:\/\/radiolavozdelcampesino.com\/wp-content\/uploads\/2021\/11\/logotipo-la-voz-del-campesino.png\",\"contentUrl\":\"https:\/\/radiolavozdelcampesino.com\/wp-content\/uploads\/2021\/11\/logotipo-la-voz-del-campesino.png\",\"width\":2284,\"height\":1212,\"caption\":\"Radio La Voz del Campesino\"},\"image\":{\"@id\":\"https:\/\/radiolavozdelcampesino.com\/#\/schema\/logo\/image\/\"},\"sameAs\":[\"https:\/\/www.facebook.com\/radiolavozdelcampesinohuancabamba\/\"]}]}<\/script>\n<!-- \/ Yoast SEO plugin. -->","yoast_head_json":{"title":"CONTACTO - Radio La Voz del Campesino","robots":{"index":"index","follow":"follow","max-snippet":"max-snippet:-1","max-image-preview":"max-image-preview:large","max-video-preview":"max-video-preview:-1"},"canonical":"https:\/\/radiolavozdelcampesino.com\/?page_id=35","og_locale":"es_ES","og_type":"article","og_title":"CONTACTO - Radio La Voz del Campesino","og_description":"Contacto Puede contactarnos a trav\u00e9s de nuestros distintos canales de comunicaci\u00f3n. INFORMACI\u00d3N Huancabamba &#8211; Piura &#8211; Peru 938281730 ventas@radiolavozdelcampesino.com PORTADA FORMULARIO MAPA DE UBICACI\u00d3N","og_url":"https:\/\/radiolavozdelcampesino.com\/?page_id=35","og_site_name":"Radio La Voz del Campesino","article_publisher":"https:\/\/www.facebook.com\/radiolavozdelcampesinohuancabamba\/","article_modified_time":"2023-07-07T19:41:22+00:00","og_image":[{"width":2284,"height":1212,"url":"https:\/\/radiolavozdelcampesino.com\/wp-content\/uploads\/2021\/11\/logotipo-la-voz-del-campesino.png","type":"image\/png"}],"twitter_card":"summary_large_image","twitter_misc":{"Tiempo de lectura":"1 minuto"},"schema":{"@context":"https:\/\/schema.org","@graph":[{"@type":"WebPage","@id":"https:\/\/radiolavozdelcampesino.com\/?page_id=35","url":"https:\/\/radiolavozdelcampesino.com\/?page_id=35","name":"CONTACTO - Radio La Voz del Campesino","isPartOf":{"@id":"https:\/\/radiolavozdelcampesino.com\/#website"},"datePublished":"2021-11-12T20:58:22+00:00","dateModified":"2023-07-07T19:41:22+00:00","breadcrumb":{"@id":"https:\/\/radiolavozdelcampesino.com\/?page_id=35#breadcrumb"},"inLanguage":"es","potentialAction":[{"@type":"ReadAction","target":["https:\/\/radiolavozdelcampesino.com\/?page_id=35"]}]},{"@type":"BreadcrumbList","@id":"https:\/\/radiolavozdelcampesino.com\/?page_id=35#breadcrumb","itemListElement":[{"@type":"ListItem","position":1,"name":"Portada","item":"https:\/\/radiolavozdelcampesino.com\/"},{"@type":"ListItem","position":2,"name":"CONTACTO"}]},{"@type":"WebSite","@id":"https:\/\/radiolavozdelcampesino.com\/#website","url":"https:\/\/radiolavozdelcampesino.com\/","name":"Radio La Voz del Campesino","description":"Transmite desde Huancabamba - Piura - Peru","publisher":{"@id":"https:\/\/radiolavozdelcampesino.com\/#organization"},"alternateName":"Radio La Voz del Campesino","potentialAction":[{"@type":"SearchAction","target":{"@type":"EntryPoint","urlTemplate":"https:\/\/radiolavozdelcampesino.com\/?s={search_term_string}"},"query-input":{"@type":"PropertyValueSpecification","valueRequired":true,"valueName":"search_term_string"}}],"inLanguage":"es"},{"@type":"Organization","@id":"https:\/\/radiolavozdelcampesino.com\/#organization","name":"Radio La Voz del Campesino","alternateName":"Radio La Voz del Campesino","url":"https:\/\/radiolavozdelcampesino.com\/","logo":{"@type":"ImageObject","inLanguage":"es","@id":"https:\/\/radiolavozdelcampesino.com\/#\/schema\/logo\/image\/","url":"https:\/\/radiolavozdelcampesino.com\/wp-content\/uploads\/2021\/11\/logotipo-la-voz-del-campesino.png","contentUrl":"https:\/\/radiolavozdelcampesino.com\/wp-content\/uploads\/2021\/11\/logotipo-la-voz-del-campesino.png","width":2284,"height":1212,"caption":"Radio La Voz del Campesino"},"image":{"@id":"https:\/\/radiolavozdelcampesino.com\/#\/schema\/logo\/image\/"},"sameAs":["https:\/\/www.facebook.com\/radiolavozdelcampesinohuancabamba\/"]}]}},"_links":{"self":[{"href":"https:\/\/radiolavozdelcampesino.com\/index.php?rest_route=\/wp\/v2\/pages\/35","targetHints":{"allow":["GET"]}}],"collection":[{"href":"https:\/\/radiolavozdelcampesino.com\/index.php?rest_route=\/wp\/v2\/pages"}],"about":[{"href":"https:\/\/radiolavozdelcampesino.com\/index.php?rest_route=\/wp\/v2\/types\/page"}],"author":[{"embeddable":true,"href":"https:\/\/radiolavozdelcampesino.com\/index.php?rest_route=\/wp\/v2\/users\/4"}],"replies":[{"embeddable":true,"href":"https:\/\/radiolavozdelcampesino.com\/index.php?rest_route=%2Fwp%2Fv2%2Fcomments&post=35"}],"version-history":[{"count":70,"href":"https:\/\/radiolavozdelcampesino.com\/index.php?rest_route=\/wp\/v2\/pages\/35\/revisions"}],"predecessor-version":[{"id":2352,"href":"https:\/\/radiolavozdelcampesino.com\/index.php?rest_route=\/wp\/v2\/pages\/35\/revisions\/2352"}],"wp:attachment":[{"href":"https:\/\/radiolavozdelcampesino.com\/index.php?rest_route=%2Fwp%2Fv2%2Fmedia&parent=35"}],"curies":[{"name":"wp","href":"https:\/\/api.w.org\/{rel}","templated":true}]}}